{"id":548,"date":"2024-04-16T08:41:12","date_gmt":"2024-04-16T08:41:12","guid":{"rendered":"https:\/\/aycanlarsigorta.com.tr\/wp\/?page_id=548"},"modified":"2025-12-21T13:15:56","modified_gmt":"2025-12-21T13:15:56","slug":"hakkimizda","status":"publish","type":"page","link":"https:\/\/aycanlarsigorta.com.tr\/?page_id=548","title":{"rendered":"HAKKIMIZDA"},"content":{"rendered":"\t\t<div data-elementor-type=\"wp-page\" data-elementor-id=\"548\" class=\"elementor elementor-548\" data-elementor-post-type=\"page\">\n\t\t\t\t<div class=\"elementor-element elementor-element-352340f e-con-full e-flex e-con e-parent\" data-id=\"352340f\" data-element_type=\"container\" data-e-type=\"container\" data-settings=\"{&quot;background_background&quot;:&quot;classic&quot;}\">\n\t\t<div class=\"elementor-element elementor-element-97a955b e-flex e-con-boxed e-con e-child\" data-id=\"97a955b\" data-element_type=\"container\" data-e-type=\"container\">\n\t\t\t\t\t<div class=\"e-con-inner\">\n\t\t\t\t<div class=\"elementor-element elementor-element-76b4ec0 elementor-widget__width-inherit elementor-widget elementor-widget-heading\" data-id=\"76b4ec0\" data-element_type=\"widget\" data-e-type=\"widget\" data-widget_type=\"heading.default\">\n\t\t\t\t<div class=\"elementor-widget-container\">\n\t\t\t\t\t<h2 class=\"elementor-heading-title elementor-size-default\">HAKKIMIZDA<\/h2>\t\t\t\t<\/div>\n\t\t\t\t<\/div>\n\t\t\t\t\t<\/div>\n\t\t\t\t<\/div>\n\t\t\t\t<\/div>\n\t\t<div class=\"elementor-element elementor-element-06098ee e-flex e-con-boxed e-con e-parent\" data-id=\"06098ee\" data-element_type=\"container\" data-e-type=\"container\">\n\t\t\t\t\t<div class=\"e-con-inner\">\n\t\t<div class=\"elementor-element elementor-element-0fd1585 e-con-full e-flex e-con e-child\" data-id=\"0fd1585\" data-element_type=\"container\" data-e-type=\"container\">\n\t\t\t\t<div class=\"elementor-element elementor-element-ffa24b7 elementor-widget elementor-widget-sidebar\" data-id=\"ffa24b7\" data-element_type=\"widget\" data-e-type=\"widget\" data-widget_type=\"sidebar.default\">\n\t\t\t\t<div class=\"elementor-widget-container\">\n\t\t\t\t\t<section id=\"text-4\" class=\"widget widget_text\"><h2 class=\"widget-title\">KURUMSAL<\/h2>\t\t\t<div class=\"textwidget\"><p><a href=\"https:\/\/aycanlarsigorta.com.tr\/?page_id=548\">HAKKIMIZDA<\/a><br \/>\n<a href=\"https:\/\/aycanlarsigorta.com.tr\/?page_id=644\">KVKK<\/a><br \/>\n<a href=\"https:\/\/aycanlarsigorta.com.tr\/?page_id=649\">\u00c7EREZ POL\u0130T\u0130KASI<\/a><\/p>\n<\/div>\n\t\t<\/section>\t\t\t\t<\/div>\n\t\t\t\t<\/div>\n\t\t\t\t<\/div>\n\t\t<div class=\"elementor-element elementor-element-1204de9 e-con-full e-flex e-con e-child\" data-id=\"1204de9\" data-element_type=\"container\" data-e-type=\"container\">\n\t\t\t\t<div class=\"elementor-element elementor-element-9b67e56 elementor-widget elementor-widget-text-editor\" data-id=\"9b67e56\" data-element_type=\"widget\" data-e-type=\"widget\" data-widget_type=\"text-editor.default\">\n\t\t\t\t<div class=\"elementor-widget-container\">\n\t\t\t\t\t\t\t\t\t<p>Aycanlar Sigorta 15.04.2004 tarihinde faaliyetine ba\u015flam\u0131\u015ft\u0131r.<\/p><p>Acenteli\u011fimiz kuruldu\u011fu g\u00fcnden bug\u00fcne m\u00fc\u015fteri odakl\u0131 hizmet anlay\u0131\u015f\u0131ndan \u00f6d\u00fcn vermeden \u00e7al\u0131\u015fmalar\u0131n\u0131 s\u00fcrd\u00fcrmektedir. T\u00fcrkiye&#8217;nin \u00f6nde gelen Sigorta \u015eirketlerinin hizmet kaliteleri, g\u00fcvenceleri ve uluslararas\u0131 alandaki Reas\u00fcr\u00f6rlerinden ald\u0131\u011f\u0131 g\u00fc\u00e7 ve deneyimle hareket eden acenteli\u011fimiz, sigortac\u0131l\u0131\u011f\u0131n her alan\u0131nda daima yan\u0131n\u0131zda olmaya ve sekt\u00f6rdeki yenilikleri yak\u0131ndan takip etmeye devam etmektedir.<\/p><p>Bug\u00fcn b\u00fcy\u00fck sigorta devlerinin t\u00fcm ayr\u0131cal\u0131klar\u0131 tek bir \u00e7at\u0131 alt\u0131nda Aycanlar Sigorta arac\u0131l\u0131\u011f\u0131 ile sizlere sunulmaktad\u0131r<\/p>\t\t\t\t\t\t\t\t<\/div>\n\t\t\t\t<\/div>\n\t\t\t\t<\/div>\n\t\t\t\t\t<\/div>\n\t\t\t\t<\/div>\n\t\t\t\t<\/div>\n\t\t","protected":false},"excerpt":{"rendered":"<p>HAKKIMIZDA Aycanlar Sigorta 15.04.2004 tarihinde faaliyetine ba\u015flam\u0131\u015ft\u0131r. Acenteli\u011fimiz kuruldu\u011fu g\u00fcnden bug\u00fcne m\u00fc\u015fteri odakl\u0131 hizmet anlay\u0131\u015f\u0131ndan \u00f6d\u00fcn vermeden \u00e7al\u0131\u015fmalar\u0131n\u0131 s\u00fcrd\u00fcrmektedir. T\u00fcrkiye&#8217;nin \u00f6nde gelen Sigorta \u015eirketlerinin hizmet kaliteleri, g\u00fcvenceleri ve uluslararas\u0131 alandaki Reas\u00fcr\u00f6rlerinden ald\u0131\u011f\u0131 g\u00fc\u00e7 ve deneyimle hareket eden acenteli\u011fimiz, sigortac\u0131l\u0131\u011f\u0131n her alan\u0131nda daima yan\u0131n\u0131zda olmaya ve sekt\u00f6rdeki yenilikleri yak\u0131ndan takip etmeye devam etmektedir. Bug\u00fcn b\u00fcy\u00fck sigorta&#8230;<\/p>\n","protected":false},"author":1,"featured_media":0,"parent":0,"menu_order":0,"comment_status":"closed","ping_status":"closed","template":"","meta":{"_kadence_starter_templates_imported_post":false,"_kad_post_transparent":"","_kad_post_title":"hide","_kad_post_layout":"fullwidth","_kad_post_sidebar_id":"","_kad_post_content_style":"unboxed","_kad_post_vertical_padding":"hide","_kad_post_feature":"hide","_kad_post_feature_position":"","_kad_post_header":false,"_kad_post_footer":false,"_kad_post_classname":"","_joinchat":[],"footnotes":""},"class_list":["post-548","page","type-page","status-publish","hentry"],"_links":{"self":[{"href":"https:\/\/aycanlarsigorta.com.tr\/index.php?rest_route=\/wp\/v2\/pages\/548","targetHints":{"allow":["GET"]}}],"collection":[{"href":"https:\/\/aycanlarsigorta.com.tr\/index.php?rest_route=\/wp\/v2\/pages"}],"about":[{"href":"https:\/\/aycanlarsigorta.com.tr\/index.php?rest_route=\/wp\/v2\/types\/page"}],"author":[{"embeddable":true,"href":"https:\/\/aycanlarsigorta.com.tr\/index.php?rest_route=\/wp\/v2\/users\/1"}],"replies":[{"embeddable":true,"href":"https:\/\/aycanlarsigorta.com.tr\/index.php?rest_route=%2Fwp%2Fv2%2Fcomments&post=548"}],"version-history":[{"count":28,"href":"https:\/\/aycanlarsigorta.com.tr\/index.php?rest_route=\/wp\/v2\/pages\/548\/revisions"}],"predecessor-version":[{"id":879,"href":"https:\/\/aycanlarsigorta.com.tr\/index.php?rest_route=\/wp\/v2\/pages\/548\/revisions\/879"}],"wp:attachment":[{"href":"https:\/\/aycanlarsigorta.com.tr\/index.php?rest_route=%2Fwp%2Fv2%2Fmedia&parent=548"}],"curies":[{"name":"wp","href":"https:\/\/api.w.org\/{rel}","templated":true}]}}