{"id":508,"date":"2024-04-16T08:09:50","date_gmt":"2024-04-16T08:09:50","guid":{"rendered":"https:\/\/aycanlarsigorta.com.tr\/wp\/?page_id=508"},"modified":"2025-12-21T13:37:29","modified_gmt":"2025-12-21T13:37:29","slug":"dask-deprem-sigortasi","status":"publish","type":"page","link":"https:\/\/aycanlarsigorta.com.tr\/?page_id=508","title":{"rendered":"DASK (DEPREM S\u0130GORTASI)"},"content":{"rendered":"\t\t<div data-elementor-type=\"wp-page\" data-elementor-id=\"508\" class=\"elementor elementor-508\" data-elementor-post-type=\"page\">\n\t\t\t\t<div class=\"elementor-element elementor-element-352340f e-con-full e-flex e-con e-parent\" data-id=\"352340f\" data-element_type=\"container\" data-e-type=\"container\" data-settings=\"{&quot;background_background&quot;:&quot;classic&quot;}\">\n\t\t<div class=\"elementor-element elementor-element-97a955b e-flex e-con-boxed e-con e-child\" data-id=\"97a955b\" data-element_type=\"container\" data-e-type=\"container\">\n\t\t\t\t\t<div class=\"e-con-inner\">\n\t\t\t\t<div class=\"elementor-element elementor-element-76b4ec0 elementor-widget__width-inherit elementor-widget elementor-widget-heading\" data-id=\"76b4ec0\" data-element_type=\"widget\" data-e-type=\"widget\" data-widget_type=\"heading.default\">\n\t\t\t\t<div class=\"elementor-widget-container\">\n\t\t\t\t\t<h2 class=\"elementor-heading-title elementor-size-default\">DASK (DEPREM S\u0130GORTASI)<\/h2>\t\t\t\t<\/div>\n\t\t\t\t<\/div>\n\t\t\t\t\t<\/div>\n\t\t\t\t<\/div>\n\t\t\t\t<\/div>\n\t\t<div class=\"elementor-element elementor-element-06098ee e-flex e-con-boxed e-con e-parent\" data-id=\"06098ee\" data-element_type=\"container\" data-e-type=\"container\">\n\t\t\t\t\t<div class=\"e-con-inner\">\n\t\t<div class=\"elementor-element elementor-element-598ee7c e-con-full e-flex e-con e-child\" data-id=\"598ee7c\" data-element_type=\"container\" data-e-type=\"container\">\n\t\t\t\t<div class=\"elementor-element elementor-element-b0f3015 elementor-widget elementor-widget-sidebar\" data-id=\"b0f3015\" data-element_type=\"widget\" data-e-type=\"widget\" data-widget_type=\"sidebar.default\">\n\t\t\t\t<div class=\"elementor-widget-container\">\n\t\t\t\t\t<section id=\"text-5\" class=\"widget widget_text\"><h2 class=\"widget-title\">H\u0130ZMETLER\u0130M\u0130Z<\/h2>\t\t\t<div class=\"textwidget\"><p><a href=\"https:\/\/aycanlarsigorta.com.tr\/?page_id=474\">TRAF\u0130K S\u0130GORTASI<\/a><br \/>\n<a href=\"https:\/\/aycanlarsigorta.com.tr\/?page_id=487\">KASKO S\u0130GORTASI<\/a><br \/>\n<a href=\"https:\/\/aycanlarsigorta.com.tr\/?page_id=495\">TAMAMLAYICI SA\u011eLIK S\u0130GORTASI<\/a><br \/>\n<a href=\"https:\/\/aycanlarsigorta.com.tr\/?page_id=508\">DASK (DEPREM) S\u0130GORTASI<\/a><br \/>\n<a href=\"https:\/\/aycanlarsigorta.com.tr\/?page_id=515\">KONUT S\u0130GORTASI<\/a><br \/>\n<a href=\"https:\/\/aycanlarsigorta.com.tr\/?page_id=522\">\u0130\u015eYER\u0130 S\u0130GORTASI<\/a><br \/>\n<a href=\"https:\/\/aycanlarsigorta.com.tr\/?page_id=529\">FERD\u0130 KAZA S\u0130GORTASI<\/a><br \/>\n<a href=\"https:\/\/aycanlarsigorta.com.tr\/?page_id=534\">SEYAHAT SA\u011eLIK S\u0130GORTASI<\/a><br \/>\n<a href=\"https:\/\/aycanlarsigorta.com.tr\/?page_id=539\">B\u0130REYSEL EMEKL\u0130L\u0130K<\/a><\/p>\n<\/div>\n\t\t<\/section>\t\t\t\t<\/div>\n\t\t\t\t<\/div>\n\t\t\t\t<\/div>\n\t\t<div class=\"elementor-element elementor-element-1204de9 e-con-full e-flex e-con e-child\" data-id=\"1204de9\" data-element_type=\"container\" data-e-type=\"container\">\n\t\t\t\t<div class=\"elementor-element elementor-element-d008f77 elementor-widget elementor-widget-heading\" data-id=\"d008f77\" data-element_type=\"widget\" data-e-type=\"widget\" data-widget_type=\"heading.default\">\n\t\t\t\t<div class=\"elementor-widget-container\">\n\t\t\t\t\t<h2 class=\"elementor-heading-title elementor-size-default\">Zorunlu Deprem Sigortas\u0131<\/h2>\t\t\t\t<\/div>\n\t\t\t\t<\/div>\n\t\t\t\t<div class=\"elementor-element elementor-element-9b67e56 elementor-widget elementor-widget-text-editor\" data-id=\"9b67e56\" data-element_type=\"widget\" data-e-type=\"widget\" data-widget_type=\"text-editor.default\">\n\t\t\t\t<div class=\"elementor-widget-container\">\n\t\t\t\t\t\t\t\t\t<p>DASK (Do\u011fal Afet Sigortalar\u0131 Kurumu) k\u00e2r amac\u0131 g\u00fctmeyen ve i\u015flerini sigorta tekniklerine uygun olarak ger\u00e7ekle\u015ftirip y\u00f6neten bir kurumdur. Bu kurum 7 ki\u015filik bir heyet taraf\u0131ndan y\u00f6netilir. DASK\u2019 \u0131n denetimi ise Hazine M\u00fcste\u015farl\u0131\u011f\u0131 taraf\u0131ndan yap\u0131l\u0131r.<\/p><p>Aycanlar Sigorta olarak DASK poli\u00e7elerinin olu\u015fturulmas\u0131 noktas\u0131nda sizlere; h\u0131zl\u0131, g\u00fcvenli ve hep ileti\u015fimde kalarak yard\u0131mc\u0131 oluyoruz.<\/p>\t\t\t\t\t\t\t\t<\/div>\n\t\t\t\t<\/div>\n\t\t<div class=\"elementor-element elementor-element-1b489c1 e-flex e-con-boxed e-con e-child\" data-id=\"1b489c1\" data-element_type=\"container\" data-e-type=\"container\">\n\t\t\t\t\t<div class=\"e-con-inner\">\n\t\t\t\t<div class=\"elementor-element elementor-element-50add40 elementor-widget elementor-widget-heading\" data-id=\"50add40\" data-element_type=\"widget\" data-e-type=\"widget\" data-widget_type=\"heading.default\">\n\t\t\t\t<div class=\"elementor-widget-container\">\n\t\t\t\t\t<h4 class=\"elementor-heading-title elementor-size-default\">Dask Teklifi i\u00e7in l\u00fctfen formu doldurunuz...<\/h4>\t\t\t\t<\/div>\n\t\t\t\t<\/div>\n\t\t\t\t<div class=\"elementor-element elementor-element-01eb642 elementor-widget__width-initial elementor-widget elementor-widget-shortcode\" data-id=\"01eb642\" data-element_type=\"widget\" data-e-type=\"widget\" data-widget_type=\"shortcode.default\">\n\t\t\t\t<div class=\"elementor-widget-container\">\n\t\t\t\t\t\t\t<div class=\"elementor-shortcode\">\n<div class=\"wpcf7 no-js\" id=\"wpcf7-f670-o1\" lang=\"tr-TR\" dir=\"ltr\" data-wpcf7-id=\"670\">\n<div class=\"screen-reader-response\"><p role=\"status\" aria-live=\"polite\" aria-atomic=\"true\"><\/p> <ul><\/ul><\/div>\n<form action=\"\/index.php?rest_route=%2Fwp%2Fv2%2Fpages%2F508#wpcf7-f670-o1\" method=\"post\" class=\"wpcf7-form init\" aria-label=\"\u0130leti\u015fim Formu\" novalidate=\"novalidate\" data-status=\"init\">\n<fieldset class=\"hidden-fields-container\"><input type=\"hidden\" name=\"_wpcf7\" value=\"670\" \/><input type=\"hidden\" name=\"_wpcf7_version\" value=\"6.1.6\" \/><input type=\"hidden\" name=\"_wpcf7_locale\" value=\"tr_TR\" \/><input type=\"hidden\" name=\"_wpcf7_unit_tag\" value=\"wpcf7-f670-o1\" \/><input type=\"hidden\" name=\"_wpcf7_container_post\" value=\"0\" \/><input type=\"hidden\" name=\"_wpcf7_posted_data_hash\" value=\"\" \/><input type=\"hidden\" name=\"_wpcf7_recaptcha_response\" value=\"\" \/>\n<\/fieldset>\n<p><span class=\"wpcf7-form-control-wrap\" data-name=\"your-name\"><input size=\"40\" maxlength=\"400\" class=\"wpcf7-form-control wpcf7-text wpcf7-validates-as-required\" autocomplete=\"name\" aria-required=\"true\" aria-invalid=\"false\" placeholder=\"Ad\u0131n\u0131z Soyad\u0131n\u0131z *\" value=\"\" type=\"text\" name=\"your-name\" \/><\/span><br\/><\/p>\n       \n<p><span class=\"wpcf7-form-control-wrap\" data-name=\"tel-808\"><input size=\"40\" maxlength=\"400\" class=\"wpcf7-form-control wpcf7-tel wpcf7-validates-as-required wpcf7-text wpcf7-validates-as-tel\" aria-required=\"true\" aria-invalid=\"false\" placeholder=\"Telefon Numaras\u0131 *\" value=\"\" type=\"tel\" name=\"tel-808\" \/><\/span><br\/><\/p>\n       \n<p><span class=\"wpcf7-form-control-wrap\" data-name=\"your-email\"><input size=\"40\" maxlength=\"400\" class=\"wpcf7-form-control wpcf7-email wpcf7-validates-as-required wpcf7-text wpcf7-validates-as-email\" autocomplete=\"email\" aria-required=\"true\" aria-invalid=\"false\" placeholder=\"E-Posta Adresiniz *\" value=\"\" type=\"email\" name=\"your-email\" \/><\/span><br\/><\/p>\n       \n<p><span class=\"wpcf7-form-control-wrap\" data-name=\"your-tckimlik\"><input size=\"40\" maxlength=\"400\" class=\"wpcf7-form-control wpcf7-text wpcf7-validates-as-required\" autocomplete=\"name\" aria-required=\"true\" aria-invalid=\"false\" placeholder=\"T.C. Kimlik No *\" value=\"\" type=\"text\" name=\"your-tckimlik\" \/><\/span><br\/><\/p>\n       \n<p><span class=\"wpcf7-form-control-wrap\" data-name=\"textarea-355\"><textarea cols=\"40\" rows=\"10\" maxlength=\"2000\" class=\"wpcf7-form-control wpcf7-textarea wpcf7-validates-as-required\" aria-required=\"true\" aria-invalid=\"false\" placeholder=\"Adres\" name=\"textarea-355\"><\/textarea><\/span><br\/><\/p>\n\n<p><span class=\"wpcf7-form-control-wrap\" data-name=\"number-620\"><input class=\"wpcf7-form-control wpcf7-number wpcf7-validates-as-required wpcf7-validates-as-number\" aria-required=\"true\" aria-invalid=\"false\" placeholder=\"Bina Metre Karesi\" value=\"\" type=\"number\" name=\"number-620\" \/><\/span><br\/><\/p>\n\n<p><span class=\"wpcf7-form-control-wrap\" data-name=\"number-621\"><input class=\"wpcf7-form-control wpcf7-number wpcf7-validates-as-required wpcf7-validates-as-number\" aria-required=\"true\" aria-invalid=\"false\" placeholder=\"Bina Ya\u015f\u0131\" value=\"\" type=\"number\" name=\"number-621\" \/><\/span><br\/><\/p>\n\n<p><span class=\"wpcf7-form-control-wrap\" data-name=\"number-622\"><input class=\"wpcf7-form-control wpcf7-number wpcf7-validates-as-required wpcf7-validates-as-number\" aria-required=\"true\" aria-invalid=\"false\" placeholder=\"Bina Kat Say\u0131s\u0131\" value=\"\" type=\"number\" name=\"number-622\" \/><\/span><br\/><\/p>\n\n\n<p><span class=\"wpcf7-form-control-wrap\" data-name=\"acceptance-107\"><span class=\"wpcf7-form-control wpcf7-acceptance\"><span class=\"wpcf7-list-item\"><label><input type=\"checkbox\" name=\"acceptance-107\" value=\"1\" aria-invalid=\"false\" \/><span class=\"wpcf7-list-item-label\">Bu formu doldururken <a href=\"https:\/\/aycanlarsigorta.com.tr\/?page_id=644\" target=\"_blank\" >KVKK<\/a><font color=\"Black\"> okudu\u011fumu ve <\/font><a href=\"https:\/\/aycanlarsigorta.com.tr\/?page_id=649\" target=\"_blank\" >\u00c7erez Politikas\u0131<\/a><font color=\"Black\">' n\u0131 kabul etti\u011fimi onayl\u0131yorum.<\/font><\/span><\/label><\/span><\/span><\/span><br\/><\/p>\n\n<p><span class=\"wpcf7-form-control-wrap recaptcha\" data-name=\"recaptcha\"><span data-sitekey=\"6Lewf8ApAAAAAJOOvxNX3rr5TtQ803lO9l4_GvF6\" class=\"wpcf7-form-control wpcf7-recaptcha g-recaptcha\"><\/span>\r\n<noscript>\r\n\t<div class=\"grecaptcha-noscript\">\r\n\t\t<iframe src=\"https:\/\/www.google.com\/recaptcha\/api\/fallback?k=6Lewf8ApAAAAAJOOvxNX3rr5TtQ803lO9l4_GvF6\" frameborder=\"0\" scrolling=\"no\" width=\"310\" height=\"430\">\r\n\t\t<\/iframe>\r\n\t\t<textarea name=\"g-recaptcha-response\" rows=\"3\" cols=\"40\" placeholder=\"reCaptcha Response Here\">\r\n\t\t<\/textarea>\r\n\t<\/div>\r\n<\/noscript>\r\n<\/span><br\/><\/p>\n\n<p><input class=\"wpcf7-form-control wpcf7-submit has-spinner\" type=\"submit\" value=\"G\u00f6nder\" \/><\/p><div class=\"wpcf7-response-output\" aria-hidden=\"true\"><\/div>\n<\/form>\n<\/div>\n<\/div>\n\t\t\t\t\t\t<\/div>\n\t\t\t\t<\/div>\n\t\t\t\t\t<\/div>\n\t\t\t\t<\/div>\n\t\t\t\t<\/div>\n\t\t\t\t\t<\/div>\n\t\t\t\t<\/div>\n\t\t\t\t<\/div>\n\t\t","protected":false},"excerpt":{"rendered":"<p>DASK (DEPREM S\u0130GORTASI) Zorunlu Deprem Sigortas\u0131 DASK (Do\u011fal Afet Sigortalar\u0131 Kurumu) k\u00e2r amac\u0131 g\u00fctmeyen ve i\u015flerini sigorta tekniklerine uygun olarak ger\u00e7ekle\u015ftirip y\u00f6neten bir kurumdur. Bu kurum 7 ki\u015filik bir heyet taraf\u0131ndan y\u00f6netilir. DASK\u2019 \u0131n denetimi ise Hazine M\u00fcste\u015farl\u0131\u011f\u0131 taraf\u0131ndan yap\u0131l\u0131r. Aycanlar Sigorta olarak DASK poli\u00e7elerinin olu\u015fturulmas\u0131 noktas\u0131nda sizlere; h\u0131zl\u0131, g\u00fcvenli ve hep ileti\u015fimde kalarak yard\u0131mc\u0131&#8230;<\/p>\n","protected":false},"author":1,"featured_media":0,"parent":0,"menu_order":0,"comment_status":"closed","ping_status":"closed","template":"","meta":{"_kadence_starter_templates_imported_post":false,"_kad_post_transparent":"","_kad_post_title":"hide","_kad_post_layout":"fullwidth","_kad_post_sidebar_id":"","_kad_post_content_style":"unboxed","_kad_post_vertical_padding":"hide","_kad_post_feature":"hide","_kad_post_feature_position":"","_kad_post_header":false,"_kad_post_footer":false,"_kad_post_classname":"","_joinchat":[],"footnotes":""},"class_list":["post-508","page","type-page","status-publish","hentry"],"_links":{"self":[{"href":"https:\/\/aycanlarsigorta.com.tr\/index.php?rest_route=\/wp\/v2\/pages\/508","targetHints":{"allow":["GET"]}}],"collection":[{"href":"https:\/\/aycanlarsigorta.com.tr\/index.php?rest_route=\/wp\/v2\/pages"}],"about":[{"href":"https:\/\/aycanlarsigorta.com.tr\/index.php?rest_route=\/wp\/v2\/types\/page"}],"author":[{"embeddable":true,"href":"https:\/\/aycanlarsigorta.com.tr\/index.php?rest_route=\/wp\/v2\/users\/1"}],"replies":[{"embeddable":true,"href":"https:\/\/aycanlarsigorta.com.tr\/index.php?rest_route=%2Fwp%2Fv2%2Fcomments&post=508"}],"version-history":[{"count":13,"href":"https:\/\/aycanlarsigorta.com.tr\/index.php?rest_route=\/wp\/v2\/pages\/508\/revisions"}],"predecessor-version":[{"id":903,"href":"https:\/\/aycanlarsigorta.com.tr\/index.php?rest_route=\/wp\/v2\/pages\/508\/revisions\/903"}],"wp:attachment":[{"href":"https:\/\/aycanlarsigorta.com.tr\/index.php?rest_route=%2Fwp%2Fv2%2Fmedia&parent=508"}],"curies":[{"name":"wp","href":"https:\/\/api.w.org\/{rel}","templated":true}]}}